{"id":116,"date":"2025-08-19T18:56:41","date_gmt":"2025-08-19T16:56:41","guid":{"rendered":"http:\/\/ilonalipp.at\/?page_id=116"},"modified":"2025-10-01T09:01:36","modified_gmt":"2025-10-01T07:01:36","slug":"mediation","status":"publish","type":"page","link":"https:\/\/ilonalipp.de\/de\/mediation\/","title":{"rendered":"Mediation"},"content":{"rendered":"<div data-elementor-type=\"wp-page\" data-elementor-id=\"116\" class=\"elementor elementor-116\">\n\t\t\t\t<div class=\"elementor-element elementor-element-3466d1d e-grid e-con-boxed e-con e-parent\" data-id=\"3466d1d\" data-element_type=\"container\" data-settings=\"{&quot;background_background&quot;:&quot;classic&quot;}\">\n\t\t\t\t\t<div class=\"e-con-inner\">\n\t\t<div class=\"elementor-element elementor-element-9b09a52 e-con-full e-flex e-con e-child\" data-id=\"9b09a52\" data-element_type=\"container\">\n\t\t\t\t<div class=\"elementor-element elementor-element-2f0c0d0 elementor-widget__width-initial elementor-widget elementor-widget-heading\" data-id=\"2f0c0d0\" data-element_type=\"widget\" data-widget_type=\"heading.default\">\n\t\t\t\t\t<h2 class=\"elementor-heading-title elementor-size-default\">Erlebst du Konflikte bei der Arbeit, die deine Produktivit\u00e4t oder dein Wohlbefinden beeintr\u00e4chtigen?\n<br><br>Mediation kann helfen!<\/h2>\t\t\t\t<\/div>\n\t\t\t\t<\/div>\n\t\t\t\t<div class=\"elementor-element elementor-element-60c9afa elementor-widget__width-initial elementor-widget elementor-widget-image\" data-id=\"60c9afa\" data-element_type=\"widget\" data-widget_type=\"image.default\">\n\t\t\t\t\t\t\t\t\t\t\t\t\t\t\t<img fetchpriority=\"high\" decoding=\"async\" width=\"2560\" height=\"1708\" src=\"https:\/\/ilonalipp.de\/wp-content\/uploads\/2025\/07\/Ilona-Lipp_09_small-scaled.jpg\" class=\"attachment-full size-full wp-image-84\" alt=\"Ilona Lipp\" srcset=\"https:\/\/ilonalipp.de\/wp-content\/uploads\/2025\/07\/Ilona-Lipp_09_small-scaled.jpg 2560w, https:\/\/ilonalipp.de\/wp-content\/uploads\/2025\/07\/Ilona-Lipp_09_small-300x200.jpg 300w, https:\/\/ilonalipp.de\/wp-content\/uploads\/2025\/07\/Ilona-Lipp_09_small-1024x683.jpg 1024w, https:\/\/ilonalipp.de\/wp-content\/uploads\/2025\/07\/Ilona-Lipp_09_small-768x512.jpg 768w, https:\/\/ilonalipp.de\/wp-content\/uploads\/2025\/07\/Ilona-Lipp_09_small-1536x1025.jpg 1536w, https:\/\/ilonalipp.de\/wp-content\/uploads\/2025\/07\/Ilona-Lipp_09_small-2048x1366.jpg 2048w, https:\/\/ilonalipp.de\/wp-content\/uploads\/2025\/07\/Ilona-Lipp_09_small-18x12.jpg 18w\" sizes=\"(max-width: 2560px) 100vw, 2560px\" \/>\t\t\t\t\t\t\t\t\t\t\t\t\t\t\t<\/div>\n\t\t\t\t\t<\/div>\n\t\t\t\t<\/div>\n\t\t<div class=\"elementor-element elementor-element-43867e4f e-flex e-con-boxed e-con e-parent\" data-id=\"43867e4f\" data-element_type=\"container\" data-settings=\"{&quot;background_background&quot;:&quot;classic&quot;}\">\n\t\t\t\t\t<div class=\"e-con-inner\">\n\t\t\t\t<div class=\"elementor-element elementor-element-7be68e4 elementor-widget elementor-widget-spacer\" data-id=\"7be68e4\" data-element_type=\"widget\" data-widget_type=\"spacer.default\">\n\t\t\t\t\t\t\t<div class=\"elementor-spacer\">\n\t\t\t<div class=\"elementor-spacer-inner\"><\/div>\n\t\t<\/div>\n\t\t\t\t\t\t<\/div>\n\t\t\t\t<div class=\"elementor-element elementor-element-35b4b391 elementor-widget elementor-widget-text-editor\" data-id=\"35b4b391\" data-element_type=\"widget\" data-widget_type=\"text-editor.default\">\n\t\t\t\t\t\t\t\t\t<p>Als ausgebildete Mediatorin biete ich dir einen Rahmen, in dem du Konflikte kl\u00e4ren kannst, um dich wieder auf deine Arbeit und die Wissenschaft konzentrieren zu k\u00f6nnen!<\/p>\n<p>Beispiele f\u00fcr Situationen, in denen Mediation helfen kann:&nbsp;<\/p>\n<ul>\n<li>Wissenschaftliche Meinungsverschiedenheiten haben die Zusammenarbeit schwierig gemacht.<\/li>\n<li>Gemeinsame Nutzung von Ger\u00e4ten und Ressourcen<\/li>\n<li>Autorenschaftsdispute&nbsp;<\/li>\n<li>Schwierige Betreuungsverh\u00e4ltnisse<\/li>\n<li>Spannungen im Team<\/li>\n<\/ul>\t\t\t\t\t\t\t\t<\/div>\n\t\t\t\t<div class=\"elementor-element elementor-element-273256dc elementor-widget elementor-widget-spacer\" data-id=\"273256dc\" data-element_type=\"widget\" data-widget_type=\"spacer.default\">\n\t\t\t\t\t\t\t<div class=\"elementor-spacer\">\n\t\t\t<div class=\"elementor-spacer-inner\"><\/div>\n\t\t<\/div>\n\t\t\t\t\t\t<\/div>\n\t\t\t\t\t<\/div>\n\t\t\t\t<\/div>\n\t\t<div class=\"elementor-element elementor-element-d568ec6 e-flex e-con-boxed e-con e-parent\" data-id=\"d568ec6\" data-element_type=\"container\">\n\t\t\t\t\t<div class=\"e-con-inner\">\n\t\t\t\t<div class=\"elementor-element elementor-element-2f6ea9a elementor-widget elementor-widget-spacer\" data-id=\"2f6ea9a\" data-element_type=\"widget\" data-widget_type=\"spacer.default\">\n\t\t\t\t\t\t\t<div class=\"elementor-spacer\">\n\t\t\t<div class=\"elementor-spacer-inner\"><\/div>\n\t\t<\/div>\n\t\t\t\t\t\t<\/div>\n\t\t\t\t<div class=\"elementor-element elementor-element-b20dca9 elementor-widget elementor-widget-heading\" data-id=\"b20dca9\" data-element_type=\"widget\" data-widget_type=\"heading.default\">\n\t\t\t\t\t<h2 class=\"elementor-heading-title elementor-size-default\">Warum Mediation?<\/h2>\t\t\t\t<\/div>\n\t\t\t\t<div class=\"elementor-element elementor-element-18984d0 elementor-widget elementor-widget-text-editor\" data-id=\"18984d0\" data-element_type=\"widget\" data-widget_type=\"text-editor.default\">\n\t\t\t\t\t\t\t\t\t<p>Die Wissenschaft ist ein hart umk\u00e4mpftes Feld, und als Wissenschaftlerin oder Wissenschaftler steht man st\u00e4ndig unter Druck, die eigenen Ideen zu verteidigen, sich selbst zu pr\u00e4sentieren und alles mit Daten und Fakten zu untermauern. Dabei wird oft vergessen, dass auch Wissenschaftler:innen nur Menschen sind \u2013 mit unterschiedlichen Hintergr\u00fcnden, Meinungen und Erwartungen. Wo Menschen zusammenarbeiten, entstehen Konflikte fast zwangsl\u00e4ufig. Solche Konflikte k\u00f6nnen viel mentale Energie kosten, die dann an anderer Stelle fehlt. Das wirkt sich auf die Produktivit\u00e4t aus und kann ganze Forschungsprojekte ins Stocken bringen. Und nat\u00fcrlich beeinflussen Konflikte auch, wie wohl man sich bei der Arbeit f\u00fchlt.\u00a0<\/p><p>Mediation schafft Raum, um Konflikte strukturiert und in einem respektvollen Rahmen anzugehen. Sich aktiv mit einem Konflikt auseinanderzusetzen, kann verhindern, dass er sich \u00fcber l\u00e4ngere Zeit hinzieht \u2013 und das hilft sowohl der Wissenschaft als auch den einzelnen Karrieren. Au\u00dferdem kann die Erfahrung einer Mediation zu einer nachhaltigen Verbesserung der Kommunikation, der Teamproduktivit\u00e4t und des Wohlbefindens aller Beteiligten f\u00fchren.<\/p>\t\t\t\t\t\t\t\t<\/div>\n\t\t\t\t<div class=\"elementor-element elementor-element-88f37c4 elementor-widget elementor-widget-spacer\" data-id=\"88f37c4\" data-element_type=\"widget\" data-widget_type=\"spacer.default\">\n\t\t\t\t\t\t\t<div class=\"elementor-spacer\">\n\t\t\t<div class=\"elementor-spacer-inner\"><\/div>\n\t\t<\/div>\n\t\t\t\t\t\t<\/div>\n\t\t\t\t\t<\/div>\n\t\t\t\t<\/div>\n\t\t<div class=\"elementor-element elementor-element-ecc1752 e-flex e-con-boxed e-con e-parent\" data-id=\"ecc1752\" data-element_type=\"container\" data-settings=\"{&quot;background_background&quot;:&quot;classic&quot;}\">\n\t\t\t\t\t<div class=\"e-con-inner\">\n\t\t\t\t<div class=\"elementor-element elementor-element-442030b elementor-widget elementor-widget-spacer\" data-id=\"442030b\" data-element_type=\"widget\" data-widget_type=\"spacer.default\">\n\t\t\t\t\t\t\t<div class=\"elementor-spacer\">\n\t\t\t<div class=\"elementor-spacer-inner\"><\/div>\n\t\t<\/div>\n\t\t\t\t\t\t<\/div>\n\t\t\t\t<div class=\"elementor-element elementor-element-2ae6570 elementor-widget elementor-widget-heading\" data-id=\"2ae6570\" data-element_type=\"widget\" data-widget_type=\"heading.default\">\n\t\t\t\t\t<h2 class=\"elementor-heading-title elementor-size-default\">Was dich erwartet<\/h2>\t\t\t\t<\/div>\n\t\t\t\t<div class=\"elementor-element elementor-element-047e6ed elementor-widget elementor-widget-text-editor\" data-id=\"047e6ed\" data-element_type=\"widget\" data-widget_type=\"text-editor.default\">\n\t\t\t\t\t\t\t\t\t<p>Mediation ist ein strukturierter Prozess, der euch helfen kann, euren Konflikt anzugehen. \u00a0<\/p><p>Mediation basiert deshalb auf der freiwilligen Teilnahme aller Beteiligten. Ich biete euch daf\u00fcr einen gesch\u00fctzten Rahmen als neutrale Person. Neben der Gespr\u00e4chsleitung begleite ich euch aktiv durch alle Phasen des Prozesses und unterst\u00fctze dabei, L\u00f6sungen zu finden.\u00a0<br \/><br \/>In der Mediation hat jede Person die M\u00f6glichkeit, ihre Sichtweise darzulegen. Gemeinsam schauen wir uns die Themen an, die dem Konflikt zugrunde liegen. Diese werden dann Schritt f\u00fcr Schritt vertieft besprochen. Ziel ist es, eine L\u00f6sung zu finden, mit der alle gut leben k\u00f6nnen.\u00a0<br \/><br \/>Meine Mediationshaltung ist, dass ihr w\u00e4hrend des gesamten Prozesses Expert:innen f\u00fcr euren Konflikt und eure individuellen Situation bleibt. Ich biete deshalb keine L\u00f6sungen an, sondern unterst\u00fctze euch dabei, besser zu verstehen, welche Faktoren hinter dem Konflikt stehen. Durch meine langj\u00e4hrige Erfahrung im akademischen Umfeld kann ich gezielt Fragen stellen und helfen, die Situation zu strukturieren.<\/p>\t\t\t\t\t\t\t\t<\/div>\n\t\t\t\t<div class=\"elementor-element elementor-element-7deafca elementor-widget elementor-widget-spacer\" data-id=\"7deafca\" data-element_type=\"widget\" data-widget_type=\"spacer.default\">\n\t\t\t\t\t\t\t<div class=\"elementor-spacer\">\n\t\t\t<div class=\"elementor-spacer-inner\"><\/div>\n\t\t<\/div>\n\t\t\t\t\t\t<\/div>\n\t\t\t\t\t<\/div>\n\t\t\t\t<\/div>\n\t\t<div class=\"elementor-element elementor-element-41b1662 e-flex e-con-boxed e-con e-parent\" data-id=\"41b1662\" data-element_type=\"container\">\n\t\t\t\t\t<div class=\"e-con-inner\">\n\t\t\t\t<div class=\"elementor-element elementor-element-516e807 elementor-widget elementor-widget-spacer\" data-id=\"516e807\" data-element_type=\"widget\" data-widget_type=\"spacer.default\">\n\t\t\t\t\t\t\t<div class=\"elementor-spacer\">\n\t\t\t<div class=\"elementor-spacer-inner\"><\/div>\n\t\t<\/div>\n\t\t\t\t\t\t<\/div>\n\t\t\t\t<div class=\"elementor-element elementor-element-2045146 elementor-widget elementor-widget-heading\" data-id=\"2045146\" data-element_type=\"widget\" data-widget_type=\"heading.default\">\n\t\t\t\t\t<h2 class=\"elementor-heading-title elementor-size-default\">Wann ist Mediation nicht das richtige Werkzeug?<\/h2>\t\t\t\t<\/div>\n\t\t\t\t<div class=\"elementor-element elementor-element-e08ef12 elementor-widget elementor-widget-text-editor\" data-id=\"e08ef12\" data-element_type=\"widget\" data-widget_type=\"text-editor.default\">\n\t\t\t\t\t\t\t\t\t<p>Mediation ist nicht das richtige Mittel, wenn nicht alle Beteiligten bereit sind, daran teilzunehmen \u2013 in solchen F\u00e4llen kann eine Konfliktberatung als Teil von\u00a0<a href=\"http:\/\/ilonalipp.at\/coaching\/\"><strong>individuellem Coaching<\/strong><\/a>\u00a0hilfreich sein).<br \/><br \/>Wenn kein konkreter Konflikt vorliegt, du aber die Effizienz und Kommunikation in deinem Team verbessern m\u00f6chtest, kann Teamcoaching oder ein Training sinnvoll sein \u2013\u00a0<a href=\"https:\/\/ilonalipp.de\/de\/contact\/\"><strong>kontaktiere mich gerne<\/strong><\/a>\u00a0.<\/p>\t\t\t\t\t\t\t\t<\/div>\n\t\t\t\t<div class=\"elementor-element elementor-element-5a133b3 elementor-widget elementor-widget-spacer\" data-id=\"5a133b3\" data-element_type=\"widget\" data-widget_type=\"spacer.default\">\n\t\t\t\t\t\t\t<div class=\"elementor-spacer\">\n\t\t\t<div class=\"elementor-spacer-inner\"><\/div>\n\t\t<\/div>\n\t\t\t\t\t\t<\/div>\n\t\t\t\t\t<\/div>\n\t\t\t\t<\/div>\n\t\t<div class=\"elementor-element elementor-element-110139e e-flex e-con-boxed e-con e-parent\" data-id=\"110139e\" data-element_type=\"container\" data-settings=\"{&quot;background_background&quot;:&quot;classic&quot;}\">\n\t\t\t\t\t<div class=\"e-con-inner\">\n\t\t\t\t<div class=\"elementor-element elementor-element-88f2f04 elementor-widget elementor-widget-spacer\" data-id=\"88f2f04\" data-element_type=\"widget\" data-widget_type=\"spacer.default\">\n\t\t\t\t\t\t\t<div class=\"elementor-spacer\">\n\t\t\t<div class=\"elementor-spacer-inner\"><\/div>\n\t\t<\/div>\n\t\t\t\t\t\t<\/div>\n\t\t\t\t<div class=\"elementor-element elementor-element-8fd0ea2 elementor-widget elementor-widget-heading\" data-id=\"8fd0ea2\" data-element_type=\"widget\" data-widget_type=\"heading.default\">\n\t\t\t\t\t<h2 class=\"elementor-heading-title elementor-size-default\">N\u00e4chste Schritte<\/h2>\t\t\t\t<\/div>\n\t\t\t\t<div class=\"elementor-element elementor-element-db5641b elementor-widget elementor-widget-text-editor\" data-id=\"db5641b\" data-element_type=\"widget\" data-widget_type=\"text-editor.default\">\n\t\t\t\t\t\t\t\t\t<p><a href=\"https:\/\/ilonalipp.de\/de\/contact\/\"><strong>Melde dich einfach bei mir<\/strong><\/a>\u00a0dann vereinbaren wir ein kostenloses 30-min\u00fctiges Kennenlerngespr\u00e4ch (per Telefon oder Videokonferenz), um herauszufinden, ob Mediation das richtige f\u00fcr euch ist und ob ihr mit mir arbeiten m\u00f6chtest. Danach legen wir gemeinsam die Anzahl der Sitzungen fest. In der Regel umfasst eine Mediation zwei bis f\u00fcnf Sitzungen \u00e0 90 Minuten. Diese k\u00f6nnen entweder virtuell oder vor Ort in Leipzig stattfinden.\u00a0<\/p>\t\t\t\t\t\t\t\t<\/div>\n\t\t\t\t<div class=\"elementor-element elementor-element-032bc6a elementor-widget elementor-widget-spacer\" data-id=\"032bc6a\" data-element_type=\"widget\" data-widget_type=\"spacer.default\">\n\t\t\t\t\t\t\t<div class=\"elementor-spacer\">\n\t\t\t<div class=\"elementor-spacer-inner\"><\/div>\n\t\t<\/div>\n\t\t\t\t\t\t<\/div>\n\t\t\t\t\t<\/div>\n\t\t\t\t<\/div>\n\t\t\t\t<\/div>","protected":false},"excerpt":{"rendered":"<p>Do you experiences conflicts at work that impact your productivity and\/or well-being? Mediation can help! As a qualified mediator, I offer the setting to help you resolve the conflicts and be able to focus on the content of your work and on the science again! Examples for mediation topics in the academic setting:&nbsp; Scientific disagreements [&hellip;]<\/p>","protected":false},"author":1,"featured_media":0,"parent":0,"menu_order":0,"comment_status":"closed","ping_status":"closed","template":"","meta":{"_eb_attr":"","footnotes":""},"class_list":["post-116","page","type-page","status-publish","hentry"],"blocksy_meta":[],"_links":{"self":[{"href":"https:\/\/ilonalipp.de\/de\/wp-json\/wp\/v2\/pages\/116","targetHints":{"allow":["GET"]}}],"collection":[{"href":"https:\/\/ilonalipp.de\/de\/wp-json\/wp\/v2\/pages"}],"about":[{"href":"https:\/\/ilonalipp.de\/de\/wp-json\/wp\/v2\/types\/page"}],"author":[{"embeddable":true,"href":"https:\/\/ilonalipp.de\/de\/wp-json\/wp\/v2\/users\/1"}],"replies":[{"embeddable":true,"href":"https:\/\/ilonalipp.de\/de\/wp-json\/wp\/v2\/comments?post=116"}],"version-history":[{"count":7,"href":"https:\/\/ilonalipp.de\/de\/wp-json\/wp\/v2\/pages\/116\/revisions"}],"predecessor-version":[{"id":271,"href":"https:\/\/ilonalipp.de\/de\/wp-json\/wp\/v2\/pages\/116\/revisions\/271"}],"wp:attachment":[{"href":"https:\/\/ilonalipp.de\/de\/wp-json\/wp\/v2\/media?parent=116"}],"curies":[{"name":"wp","href":"https:\/\/api.w.org\/{rel}","templated":true}]}}