{"id":2,"date":"2025-07-04T14:40:13","date_gmt":"2025-07-04T14:40:13","guid":{"rendered":"http:\/\/ilonalipp.at\/?page_id=2"},"modified":"2026-03-27T18:22:36","modified_gmt":"2026-03-27T17:22:36","slug":"landing-page","status":"publish","type":"page","link":"https:\/\/ilonalipp.de\/de\/","title":{"rendered":"Home"},"content":{"rendered":"<div data-elementor-type=\"wp-page\" data-elementor-id=\"2\" class=\"elementor elementor-2\">\n\t\t\t\t<div class=\"elementor-element elementor-element-daf8f09 e-grid e-con-boxed e-con e-parent\" data-id=\"daf8f09\" data-element_type=\"container\" data-settings=\"{&quot;background_background&quot;:&quot;classic&quot;}\">\n\t\t\t\t\t<div class=\"e-con-inner\">\n\t\t<div class=\"elementor-element elementor-element-dc94f9c e-con-full e-flex e-con e-child\" data-id=\"dc94f9c\" data-element_type=\"container\">\n\t\t\t\t<div class=\"elementor-element elementor-element-79916fe elementor-widget__width-initial elementor-widget elementor-widget-heading\" data-id=\"79916fe\" data-element_type=\"widget\" data-widget_type=\"heading.default\">\n\t\t\t\t\t<h2 class=\"elementor-heading-title elementor-size-default\">Exzellente Forschung braucht Wissenschaftlerinnen und Wissenschaftler, die Herausforderungen meistern, ohne ihre Ideale aus den Augen zu verlieren.<\/h2>\t\t\t\t<\/div>\n\t\t\t\t<\/div>\n\t\t\t\t<div class=\"elementor-element elementor-element-a79678e elementor-widget__width-initial elementor-widget elementor-widget-image\" data-id=\"a79678e\" data-element_type=\"widget\" data-widget_type=\"image.default\">\n\t\t\t\t\t\t\t\t\t\t\t\t\t\t\t<img fetchpriority=\"high\" decoding=\"async\" width=\"2560\" height=\"1708\" src=\"http:\/\/ilonalipp.de\/wp-content\/uploads\/2025\/07\/Ilona-Lipp_09_small-scaled.jpg\" class=\"attachment-full size-full wp-image-84\" alt=\"Ilona Lipp\" srcset=\"http:\/\/ilonalipp.de\/wp-content\/uploads\/2025\/07\/Ilona-Lipp_09_small-scaled.jpg 2560w, http:\/\/ilonalipp.de\/wp-content\/uploads\/2025\/07\/Ilona-Lipp_09_small-300x200.jpg 300w, http:\/\/ilonalipp.de\/wp-content\/uploads\/2025\/07\/Ilona-Lipp_09_small-1024x683.jpg 1024w, http:\/\/ilonalipp.de\/wp-content\/uploads\/2025\/07\/Ilona-Lipp_09_small-768x512.jpg 768w, http:\/\/ilonalipp.de\/wp-content\/uploads\/2025\/07\/Ilona-Lipp_09_small-1536x1025.jpg 1536w, http:\/\/ilonalipp.de\/wp-content\/uploads\/2025\/07\/Ilona-Lipp_09_small-2048x1366.jpg 2048w, http:\/\/ilonalipp.de\/wp-content\/uploads\/2025\/07\/Ilona-Lipp_09_small-18x12.jpg 18w\" sizes=\"(max-width: 2560px) 100vw, 2560px\" \/>\t\t\t\t\t\t\t\t\t\t\t\t\t\t\t<\/div>\n\t\t\t\t\t<\/div>\n\t\t\t\t<\/div>\n\t\t<div class=\"elementor-element elementor-element-d688507 e-flex e-con-boxed e-con e-parent\" data-id=\"d688507\" data-element_type=\"container\">\n\t\t\t\t\t<div class=\"e-con-inner\">\n\t\t\t\t<div class=\"elementor-element elementor-element-4c20310 elementor-widget elementor-widget-spacer\" data-id=\"4c20310\" data-element_type=\"widget\" data-widget_type=\"spacer.default\">\n\t\t\t\t\t\t\t<div class=\"elementor-spacer\">\n\t\t\t<div class=\"elementor-spacer-inner\"><\/div>\n\t\t<\/div>\n\t\t\t\t\t\t<\/div>\n\t\t\t\t<div class=\"elementor-element elementor-element-9e01454 elementor-widget elementor-widget-heading\" data-id=\"9e01454\" data-element_type=\"widget\" data-widget_type=\"heading.default\">\n\t\t\t\t\t<h2 class=\"elementor-heading-title elementor-size-default\">Worum geht es hier?<\/h2>\t\t\t\t<\/div>\n\t\t\t\t<div class=\"elementor-element elementor-element-66206f3 elementor-widget elementor-widget-text-editor\" data-id=\"66206f3\" data-element_type=\"widget\" data-widget_type=\"text-editor.default\">\n\t\t\t\t\t\t\t\t\t<p class=\"translation-block\">Wissenschaftlerin oder Wissenschaftler zu werden hei\u00dft, sich auf den Weg zu machen, die gro\u00dfen R\u00e4tsel des Universums und die Herausforderungen unserer Gesellschaft zu l\u00f6sen. Diese Vision ist spannend und motivierend \u2013 aber der Alltag in der Wissenschaft r\u00fcckt diesen Fokus oft in den Hintergrund. Meine Mission ist es, Wissenschaftlerinnen und Wissenschaftler auf ihrem <strong> Weg durch die akademische Welt <\/strong> zu unterst\u00fctzen und zu empowern \u2013 damit sie die besten Wege finden, Hindernisse meistern und Engp\u00e4sse \u00fcberwinden k\u00f6nnen, ohne sich zu \u00fcberfordern und ohne zu vergessen, warum sie die Reise \u00fcberhaupt angetreten sind.<\/p>\t\t\t\t\t\t\t\t<\/div>\n\t\t\t\t<div class=\"elementor-element elementor-element-fcb5ec4 elementor-widget elementor-widget-spacer\" data-id=\"fcb5ec4\" data-element_type=\"widget\" data-widget_type=\"spacer.default\">\n\t\t\t\t\t\t\t<div class=\"elementor-spacer\">\n\t\t\t<div class=\"elementor-spacer-inner\"><\/div>\n\t\t<\/div>\n\t\t\t\t\t\t<\/div>\n\t\t\t\t\t<\/div>\n\t\t\t\t<\/div>\n\t\t<div class=\"elementor-element elementor-element-0374d65 e-flex e-con-boxed e-con e-parent\" data-id=\"0374d65\" data-element_type=\"container\" data-settings=\"{&quot;background_background&quot;:&quot;classic&quot;}\">\n\t\t\t\t\t<div class=\"e-con-inner\">\n\t\t\t\t<div class=\"elementor-element elementor-element-80df0bc elementor-widget elementor-widget-spacer\" data-id=\"80df0bc\" data-element_type=\"widget\" data-widget_type=\"spacer.default\">\n\t\t\t\t\t\t\t<div class=\"elementor-spacer\">\n\t\t\t<div class=\"elementor-spacer-inner\"><\/div>\n\t\t<\/div>\n\t\t\t\t\t\t<\/div>\n\t\t\t\t<div class=\"elementor-element elementor-element-37de3b6 elementor-widget elementor-widget-heading\" data-id=\"37de3b6\" data-element_type=\"widget\" data-widget_type=\"heading.default\">\n\t\t\t\t\t<h2 class=\"elementor-heading-title elementor-size-default\">Exzellente Forschung unterst\u00fctzen<\/h2>\t\t\t\t<\/div>\n\t\t\t\t<div class=\"elementor-element elementor-element-cb429ef elementor-widget elementor-widget-text-editor\" data-id=\"cb429ef\" data-element_type=\"widget\" data-widget_type=\"text-editor.default\">\n\t\t\t\t\t\t\t\t\t<p>Alle reden \u00fcber wissenschaftliche Exzellenz. Was aber selten thematisiert wird: Echte Exzellenz h\u00e4ngt von wissenschaftlicher Integrit\u00e4t ab. Und Integrit\u00e4t ist schwer aufrechtzuerhalten in einem akademischen System, das Ver\u00f6ffentlichungszahlen mehr belohnt als Qualit\u00e4t.<br \/>Gute Forschung braucht Zeit, Transparenz und Verantwortung. Aber wie kann man das sicherstellen? Mein Ansatz konzentriert sich auf drei Kernbereiche: einzelne Personen st\u00e4rken, gut funktionierende Teams aufbauen und Forschung mit der passenden Technologie unterst\u00fctzen \u2013 so wie in der Grafik unten dargestellt.<br \/><br \/>Die Wissenschaft ist voller f\u00e4higer Leute, die gro\u00dfartige Arbeit leisten k\u00f6nnen \u2013 wenn sie die richtige Unterst\u00fctzung und das passende Training bekommen. Genau da komme ich ins Spiel.<\/p>\t\t\t\t\t\t\t\t<\/div>\n\t\t\t\t<div class=\"elementor-element elementor-element-a8337b7 elementor-widget elementor-widget-spacer\" data-id=\"a8337b7\" data-element_type=\"widget\" data-widget_type=\"spacer.default\">\n\t\t\t\t\t\t\t<div class=\"elementor-spacer\">\n\t\t\t<div class=\"elementor-spacer-inner\"><\/div>\n\t\t<\/div>\n\t\t\t\t\t\t<\/div>\n\t\t\t\t\t<\/div>\n\t\t\t\t<\/div>\n\t\t<div class=\"elementor-element elementor-element-51ac90a e-flex e-con-boxed e-con e-parent\" data-id=\"51ac90a\" data-element_type=\"container\">\n\t\t\t\t\t<div class=\"e-con-inner\">\n\t\t\t\t<div class=\"elementor-element elementor-element-61cce5e elementor-widget elementor-widget-image\" data-id=\"61cce5e\" data-element_type=\"widget\" data-widget_type=\"image.default\">\n\t\t\t\t\t\t\t\t\t\t\t\t\t\t\t<img decoding=\"async\" width=\"768\" height=\"405\" src=\"http:\/\/ilonalipp.de\/wp-content\/uploads\/2025\/08\/Businessmodel_illustration-768x405.png\" class=\"attachment-medium_large size-medium_large wp-image-112\" alt=\"\" srcset=\"http:\/\/ilonalipp.de\/wp-content\/uploads\/2025\/08\/Businessmodel_illustration-768x405.png 768w, http:\/\/ilonalipp.de\/wp-content\/uploads\/2025\/08\/Businessmodel_illustration-300x158.png 300w, http:\/\/ilonalipp.de\/wp-content\/uploads\/2025\/08\/Businessmodel_illustration-1024x540.png 1024w, http:\/\/ilonalipp.de\/wp-content\/uploads\/2025\/08\/Businessmodel_illustration-1536x810.png 1536w, http:\/\/ilonalipp.de\/wp-content\/uploads\/2025\/08\/Businessmodel_illustration-18x9.png 18w, http:\/\/ilonalipp.de\/wp-content\/uploads\/2025\/08\/Businessmodel_illustration.png 1630w\" sizes=\"(max-width: 768px) 100vw, 768px\" \/>\t\t\t\t\t\t\t\t\t\t\t\t\t\t\t<\/div>\n\t\t\t\t\t<\/div>\n\t\t\t\t<\/div>\n\t\t<div class=\"elementor-element elementor-element-6fb56d6 e-flex e-con-boxed e-con e-parent\" data-id=\"6fb56d6\" data-element_type=\"container\" data-settings=\"{&quot;background_background&quot;:&quot;classic&quot;}\">\n\t\t\t\t\t<div class=\"e-con-inner\">\n\t\t\t\t<div class=\"elementor-element elementor-element-84b2b08 elementor-widget elementor-widget-spacer\" data-id=\"84b2b08\" data-element_type=\"widget\" data-widget_type=\"spacer.default\">\n\t\t\t\t\t\t\t<div class=\"elementor-spacer\">\n\t\t\t<div class=\"elementor-spacer-inner\"><\/div>\n\t\t<\/div>\n\t\t\t\t\t\t<\/div>\n\t\t\t\t<div class=\"elementor-element elementor-element-974ef4f elementor-widget elementor-widget-heading\" data-id=\"974ef4f\" data-element_type=\"widget\" data-widget_type=\"heading.default\">\n\t\t\t\t\t<h2 class=\"elementor-heading-title elementor-size-default\">Mein Angebot<\/h2>\t\t\t\t<\/div>\n\t\t\t\t<div class=\"elementor-element elementor-element-17b3700 elementor-widget elementor-widget-text-editor\" data-id=\"17b3700\" data-element_type=\"widget\" data-widget_type=\"text-editor.default\">\n\t\t\t\t\t\t\t\t\t<ul><li><!--block--><span style=\"text-decoration: underline;\"><a href=\"http:\/\/ilonalipp.de\/de\/training\/\">Training und Workshops<\/a><\/span><\/li><li><span style=\"text-decoration: underline;\"><!--block--><a href=\"http:\/\/ilonalipp.de\/de\/coaching\/\">Individuelles Coaching<\/a><\/span><\/li><li><span style=\"text-decoration: underline;\"><!--block--><a href=\"http:\/\/ilonalipp.de\/de\/mediation\/\">Mediation und Konfliktmanagement<\/a><\/span><\/li><li><!--block-->Vortr\u00e4ge<\/li><li><!--block-->Teambuilding<\/li><li><!--block-->Beratung<\/li><li><!--block-->Eventmoderation<\/li><li><!--block-->Klausurorganisation<\/li><\/ul>\t\t\t\t\t\t\t\t<\/div>\n\t\t\t\t<div class=\"elementor-element elementor-element-2da6e95 elementor-widget elementor-widget-spacer\" data-id=\"2da6e95\" data-element_type=\"widget\" data-widget_type=\"spacer.default\">\n\t\t\t\t\t\t\t<div class=\"elementor-spacer\">\n\t\t\t<div class=\"elementor-spacer-inner\"><\/div>\n\t\t<\/div>\n\t\t\t\t\t\t<\/div>\n\t\t\t\t\t<\/div>\n\t\t\t\t<\/div>\n\t\t<div class=\"elementor-element elementor-element-d74b7b5 e-flex e-con-boxed e-con e-parent\" data-id=\"d74b7b5\" data-element_type=\"container\">\n\t\t\t\t\t<div class=\"e-con-inner\">\n\t\t\t\t<div class=\"elementor-element elementor-element-f521131 elementor-widget elementor-widget-spacer\" data-id=\"f521131\" data-element_type=\"widget\" data-widget_type=\"spacer.default\">\n\t\t\t\t\t\t\t<div class=\"elementor-spacer\">\n\t\t\t<div class=\"elementor-spacer-inner\"><\/div>\n\t\t<\/div>\n\t\t\t\t\t\t<\/div>\n\t\t\t\t<div class=\"elementor-element elementor-element-f435aba elementor-widget elementor-widget-heading\" data-id=\"f435aba\" data-element_type=\"widget\" data-widget_type=\"heading.default\">\n\t\t\t\t\t<h2 class=\"elementor-heading-title elementor-size-default\"><span style=\"color: var(--theme-heading-color, var(--theme-heading-2-color, var(--theme-headings-color)));font-size: var(--theme-font-size);font-style: var(--theme-font-style, inherit);letter-spacing: var(--theme-letter-spacing);text-transform: var(--theme-text-transform);background-color: var(--theme-palette-color-10)\">Wieso mich buchen?<\/span><span style=\"color: var(--theme-heading-color, var(--theme-heading-2-color, var(--theme-headings-color)));font-size: var(--theme-font-size);font-style: var(--theme-font-style, inherit);letter-spacing: var(--theme-letter-spacing);text-transform: var(--theme-text-transform);background-color: var(--theme-palette-color-10)\"><\/span><br><\/h2>\t\t\t\t<\/div>\n\t\t\t\t<div class=\"elementor-element elementor-element-27d67e4 elementor-widget elementor-widget-text-editor\" data-id=\"27d67e4\" data-element_type=\"widget\" data-widget_type=\"text-editor.default\">\n\t\t\t\t\t\t\t\t\t<p><!--block-->Ich bin ausgebildete Psychologin, Mediatorin und Coach \u2013 und kenne die akademische Welt von innen. Ich habe einen Doktortitel in Gehirnforschung und war viele Jahre als Vollzeit-Forscherin in den MINT-F\u00e4chern t\u00e4tig, mit interdisziplin\u00e4rer neurowissenschaftlicher Forschung in \u00d6sterreich, Gro\u00dfbritannien und Deutschland. Weil ich selbst im akademischen System gearbeitet habe, kenne ich sowohl die Herausforderungen als auch die Chancen. Ich brenne f\u00fcr Wissenschaft, Menschen und pers\u00f6nliche Weiterentwicklung \u2013 und nutze genau diese Erfahrungen, um andere auf ihrer eigenen akademischen Reise zu unterst\u00fctzen. Hier gibt es mehr \u00fcber <a href=\"http:\/\/ilonalipp.at\/testsetite\/\"><strong>meinen Hintergrund und meine Motivation<\/strong><\/a><strong>.<\/strong><\/p>\t\t\t\t\t\t\t\t<\/div>\n\t\t\t\t<div class=\"elementor-element elementor-element-4b44613 elementor-widget elementor-widget-spacer\" data-id=\"4b44613\" data-element_type=\"widget\" data-widget_type=\"spacer.default\">\n\t\t\t\t\t\t\t<div class=\"elementor-spacer\">\n\t\t\t<div class=\"elementor-spacer-inner\"><\/div>\n\t\t<\/div>\n\t\t\t\t\t\t<\/div>\n\t\t\t\t\t<\/div>\n\t\t\t\t<\/div>\n\t\t<div class=\"elementor-element elementor-element-a3e8d85 e-con-full e-flex e-con e-parent\" data-id=\"a3e8d85\" data-element_type=\"container\" data-settings=\"{&quot;background_background&quot;:&quot;classic&quot;}\">\n\t\t\t\t<div class=\"elementor-element elementor-element-9ddc0fd elementor-widget elementor-widget-spacer\" data-id=\"9ddc0fd\" data-element_type=\"widget\" data-widget_type=\"spacer.default\">\n\t\t\t\t\t\t\t<div class=\"elementor-spacer\">\n\t\t\t<div class=\"elementor-spacer-inner\"><\/div>\n\t\t<\/div>\n\t\t\t\t\t\t<\/div>\n\t\t\t\t<div class=\"elementor-element elementor-element-4809a4e elementor-widget elementor-widget-heading\" data-id=\"4809a4e\" data-element_type=\"widget\" data-widget_type=\"heading.default\">\n\t\t\t\t\t<h2 class=\"elementor-heading-title elementor-size-default\">Referenzen (ausgew\u00e4hlte Einrichtungen)<\/h2>\t\t\t\t<\/div>\n\t\t\t\t<div class=\"elementor-element elementor-element-d58a260 elementor-widget elementor-widget-spacer\" data-id=\"d58a260\" data-element_type=\"widget\" data-widget_type=\"spacer.default\">\n\t\t\t\t\t\t\t<div class=\"elementor-spacer\">\n\t\t\t<div class=\"elementor-spacer-inner\"><\/div>\n\t\t<\/div>\n\t\t\t\t\t\t<\/div>\n\t\t\t\t<div class=\"elementor-element elementor-element-98f8689 elementor-widget elementor-widget-text-editor\" data-id=\"98f8689\" data-element_type=\"widget\" data-widget_type=\"text-editor.default\">\n\t\t\t\t\t\t\t\t\t<ul>\n<li>BERD NFDI<\/li>\n<li><!--block-->COST Actions<\/li>\n<li><!--block-->Digital Research Academy<\/li>\n<li><!--block-->European University Viadrina<\/li>\n<li><!--block-->Friedrich-Schiller Universit\u00e4t Jena<\/li>\n<li><span class=\"svelte-x57wqa\">German Centre for Integrative Biodiversity Research (iDiv)<\/span><span class=\"svelte-x57wqa\">&nbsp;<\/span><span class=\"svelte-x57wqa\">Leipzig, Halle, and Jena<\/span><\/li>\n<li><!--block-->Universit\u00e4t Leipzig<\/li>\n<li><!--block-->Max-Planck-Institut f\u00fcr Kognitions- und Neurowissenschaften<\/li>\n<li><!--block-->Max-Planck-Institut f\u00fcr biologische Kybernetik<\/li>\n<li>Max-Planck-Institut f\u00fcr Infektionsbiologie<\/li>\n<li>Max Planck Institute of Quantum Optics<\/li>\n<li>Robert Koch Institut<\/li>\n<li>Universit\u00e4t Potsdam<\/li>\n<li>Hochschule Wismar<\/li><li>University of Halle<\/li>\n<li><!--block-->Universit\u00e4t Hamburg<\/li>\n<li><!--block-->Universit\u00e4t G\u00f6ttingen<\/li>\n<li><!--block-->Universit\u00e4t M\u00fcnster<\/li>\n<li>P\u00e4dagogische Hochschule Weingarten<\/li>\n<\/ul>\t\t\t\t\t\t\t\t<\/div>\n\t\t\t\t<\/div>\n\t\t\t\t<\/div>","protected":false},"excerpt":{"rendered":"<p>Excellent research needs scientists who navigate challenges without losing sight of their ideals. What is this all about Becoming a scientist means setting out to solve the big puzzles of the universe and the challenges facing our society. This vision is exciting and motivating\u2014but the reality of working in academia often shifts the focus away [&hellip;]<\/p>","protected":false},"author":1,"featured_media":0,"parent":0,"menu_order":0,"comment_status":"closed","ping_status":"closed","template":"","meta":{"_eb_attr":"","footnotes":""},"class_list":["post-2","page","type-page","status-publish","hentry"],"blocksy_meta":[],"_links":{"self":[{"href":"https:\/\/ilonalipp.de\/de\/wp-json\/wp\/v2\/pages\/2","targetHints":{"allow":["GET"]}}],"collection":[{"href":"https:\/\/ilonalipp.de\/de\/wp-json\/wp\/v2\/pages"}],"about":[{"href":"https:\/\/ilonalipp.de\/de\/wp-json\/wp\/v2\/types\/page"}],"author":[{"embeddable":true,"href":"https:\/\/ilonalipp.de\/de\/wp-json\/wp\/v2\/users\/1"}],"replies":[{"embeddable":true,"href":"https:\/\/ilonalipp.de\/de\/wp-json\/wp\/v2\/comments?post=2"}],"version-history":[{"count":11,"href":"https:\/\/ilonalipp.de\/de\/wp-json\/wp\/v2\/pages\/2\/revisions"}],"predecessor-version":[{"id":494,"href":"https:\/\/ilonalipp.de\/de\/wp-json\/wp\/v2\/pages\/2\/revisions\/494"}],"wp:attachment":[{"href":"https:\/\/ilonalipp.de\/de\/wp-json\/wp\/v2\/media?parent=2"}],"curies":[{"name":"wp","href":"https:\/\/api.w.org\/{rel}","templated":true}]}}