{"id":25,"date":"2025-07-24T16:06:06","date_gmt":"2025-07-24T14:06:06","guid":{"rendered":"http:\/\/ilonalipp.at\/?page_id=25"},"modified":"2026-01-13T08:43:56","modified_gmt":"2026-01-13T07:43:56","slug":"my-offer","status":"publish","type":"page","link":"https:\/\/ilonalipp.de\/de\/my-offer\/","title":{"rendered":"Mein Angebot"},"content":{"rendered":"<div data-elementor-type=\"wp-page\" data-elementor-id=\"25\" class=\"elementor elementor-25\">\n\t\t\t\t<div class=\"elementor-element elementor-element-57d1d90c e-flex e-con-boxed e-con e-parent\" data-id=\"57d1d90c\" data-element_type=\"container\" data-settings=\"{&quot;background_background&quot;:&quot;classic&quot;}\">\n\t\t\t\t\t<div class=\"e-con-inner\">\n\t\t\t\t<div class=\"elementor-element elementor-element-ed946e8 elementor-widget elementor-widget-heading\" data-id=\"ed946e8\" data-element_type=\"widget\" data-widget_type=\"heading.default\">\n\t\t\t\t\t<h1 class=\"elementor-heading-title elementor-size-default\"><br>Mein Angebot<\/h1>\t\t\t\t<\/div>\n\t\t\t\t<div class=\"elementor-element elementor-element-f034f29 elementor-widget elementor-widget-text-editor\" data-id=\"f034f29\" data-element_type=\"widget\" data-widget_type=\"text-editor.default\">\n\t\t\t\t\t\t\t\t\t<p class=\"translation-block\">Ich biete Trainings, Coachings und Mediationen an \u2013 entweder <strong>vor Ort oder per Videokonferenz<\/strong>, und das <strong>sowohl auf Englisch als auch auf Deutsch<\/strong>.<\/p>\n<p>\u00a0<\/p>\t\t\t\t\t\t\t\t<\/div>\n\t\t\t\t\t<\/div>\n\t\t\t\t<\/div>\n\t\t<div class=\"elementor-element elementor-element-f2da073 e-grid e-con-boxed e-con e-parent\" data-id=\"f2da073\" data-element_type=\"container\" data-settings=\"{&quot;background_background&quot;:&quot;classic&quot;}\">\n\t\t\t\t\t<div class=\"e-con-inner\">\n\t\t\t\t<div class=\"elementor-element elementor-element-88680b1 elementor-widget elementor-widget-text-editor\" data-id=\"88680b1\" data-element_type=\"widget\" data-widget_type=\"text-editor.default\">\n\t\t\t\t\t\t\t\t\t<h3>Training<\/h3><p class=\"translation-block\">Wenn du gezielt bestimmte F\u00e4higkeiten verbessern willst, die f\u00fcr den akademischen Erfolg wichtig sind, schau dir gerne mein <a href=\"https:\/\/ilonalipp.de\/de\/my-offer\/training\/\" target=\"_self\"><strong>Trainingsangebot<\/strong><\/a> an. Ich biete Trainings in verschiedenen Formaten an \u2013 individuell auf deine Bed\u00fcrfnisse abgestimmt. Themen sind unter anderem Kommunikation, Konfliktmanagement, gute wissenschaftliche Praxis und vieles mehr.<\/p>\t\t\t\t\t\t\t\t<\/div>\n\t\t\t\t<div class=\"elementor-element elementor-element-7b6dd0c elementor-widget elementor-widget-text-editor\" data-id=\"7b6dd0c\" data-element_type=\"widget\" data-widget_type=\"text-editor.default\">\n\t\t\t\t\t\t\t\t\t<h3>Coaching<\/h3><p class=\"translation-block\">Wenn du dir individuelle Unterst\u00fctzung f\u00fcr deine spezielle Situation oder ein bestimmtes Ziel w\u00fcnschst, bietet <a href=\"https:\/\/ilonalipp.de\/de\/my-offer\/coaching\/\" target=\"_self\"><strong>Coaching<\/strong><\/a> dir den Raum f\u00fcr Reflexion und wichtige Erkenntnisse. Als Coach helfe ich dir dabei, Strategien zu entwickeln, um Herausforderungen im akademischen Alltag zu meistern und deine Produktivit\u00e4t sowie dein Wohlbefinden zu steigern.<\/p>\t\t\t\t\t\t\t\t<\/div>\n\t\t\t\t<div class=\"elementor-element elementor-element-5a01db5 elementor-widget elementor-widget-text-editor\" data-id=\"5a01db5\" data-element_type=\"widget\" data-widget_type=\"text-editor.default\">\n\t\t\t\t\t\t\t\t\t<h3>Mediation<\/h3><p class=\"translation-block\">Wenn es in deiner Forschungsgruppe zu einem Konflikt kommt, kann <a href=\"http:\/\/ilonalipp.de\/de\/mediation\/\" target=\"_self\"><strong>Mediation<\/strong><\/a> ein starkes Werkzeug sein, das helfen kann. Mediation ist ein strukturierter Prozess, bei dem ich den Rahmen schaffe, damit alle Beteiligten gemeinsam an einer L\u00f6sung arbeiten k\u00f6nnen. Ziel ist es, eine L\u00f6sung zu finden, die f\u00fcr alle Beteiligten attraktiv ist.<\/p>\t\t\t\t\t\t\t\t<\/div>\n\t\t\t\t\t<\/div>\n\t\t\t\t<\/div>\n\t\t\t\t<\/div>","protected":false},"excerpt":{"rendered":"<p>My offer I offer trainings, coaching and mediation, either\u00a0in person or via video conference,\u00a0both\u00a0in English and in German.\u00a0 \u00a0 Training If you are looking to improve on specific skill sets that are crucial for academic success, consider\u00a0training. I offer trainings in various formats and tailored to your specific needs. Topics include communication, conflict management, good [&hellip;]<\/p>","protected":false},"author":1,"featured_media":0,"parent":0,"menu_order":0,"comment_status":"closed","ping_status":"closed","template":"","meta":{"_eb_attr":"","footnotes":""},"class_list":["post-25","page","type-page","status-publish","hentry"],"blocksy_meta":[],"_links":{"self":[{"href":"https:\/\/ilonalipp.de\/de\/wp-json\/wp\/v2\/pages\/25","targetHints":{"allow":["GET"]}}],"collection":[{"href":"https:\/\/ilonalipp.de\/de\/wp-json\/wp\/v2\/pages"}],"about":[{"href":"https:\/\/ilonalipp.de\/de\/wp-json\/wp\/v2\/types\/page"}],"author":[{"embeddable":true,"href":"https:\/\/ilonalipp.de\/de\/wp-json\/wp\/v2\/users\/1"}],"replies":[{"embeddable":true,"href":"https:\/\/ilonalipp.de\/de\/wp-json\/wp\/v2\/comments?post=25"}],"version-history":[{"count":10,"href":"https:\/\/ilonalipp.de\/de\/wp-json\/wp\/v2\/pages\/25\/revisions"}],"predecessor-version":[{"id":444,"href":"https:\/\/ilonalipp.de\/de\/wp-json\/wp\/v2\/pages\/25\/revisions\/444"}],"wp:attachment":[{"href":"https:\/\/ilonalipp.de\/de\/wp-json\/wp\/v2\/media?parent=25"}],"curies":[{"name":"wp","href":"https:\/\/api.w.org\/{rel}","templated":true}]}}