{"id":9,"date":"2025-07-24T16:05:42","date_gmt":"2025-07-24T14:05:42","guid":{"rendered":"http:\/\/ilonalipp.at\/?page_id=9"},"modified":"2026-05-04T09:01:19","modified_gmt":"2026-05-04T07:01:19","slug":"about-me","status":"publish","type":"page","link":"https:\/\/ilonalipp.de\/de\/about-me\/","title":{"rendered":"\u00dcber mich"},"content":{"rendered":"<div data-elementor-type=\"wp-page\" data-elementor-id=\"9\" class=\"elementor elementor-9\">\n\t\t\t\t<div class=\"elementor-element elementor-element-39d0574c e-grid e-con-boxed e-con e-parent\" data-id=\"39d0574c\" data-element_type=\"container\" data-settings=\"{&quot;background_background&quot;:&quot;classic&quot;}\">\n\t\t\t\t\t<div class=\"e-con-inner\">\n\t\t<div class=\"elementor-element elementor-element-9380bf7 e-con-full e-flex e-con e-child\" data-id=\"9380bf7\" data-element_type=\"container\">\n\t\t\t\t<div class=\"elementor-element elementor-element-212280e6 elementor-widget__width-initial elementor-widget elementor-widget-heading\" data-id=\"212280e6\" data-element_type=\"widget\" data-widget_type=\"heading.default\">\n\t\t\t\t\t<h2 class=\"elementor-heading-title elementor-size-default\">\u00dcber mich\n<\/h2>\t\t\t\t<\/div>\n\t\t\t\t<div class=\"elementor-element elementor-element-386e62a elementor-widget elementor-widget-text-editor\" data-id=\"386e62a\" data-element_type=\"widget\" data-widget_type=\"text-editor.default\">\n\t\t\t\t\t\t\t\t\t<p>Ich bin Psychologin und Neurowissenschaftlerin mit \u00fcber 12 Jahren Erfahrung in interdisziplin\u00e4rer Forschung, Lehre und Mentoring. Durch meine langj\u00e4hrige T\u00e4tigkeit im akademischen Umfeld habe ich eine gro\u00dfe Faszination f\u00fcr Kommunikation, zwischenmenschliche Dynamiken und pers\u00f6nliche Weiterentwicklung entwickelt.<\/p>\t\t\t\t\t\t\t\t<\/div>\n\t\t\t\t<\/div>\n\t\t\t\t<div class=\"elementor-element elementor-element-7d60318a elementor-widget__width-initial elementor-widget elementor-widget-image\" data-id=\"7d60318a\" data-element_type=\"widget\" data-widget_type=\"image.default\">\n\t\t\t\t\t\t\t\t\t\t\t\t\t\t\t<img fetchpriority=\"high\" decoding=\"async\" width=\"1740\" height=\"1226\" src=\"https:\/\/ilonalipp.de\/wp-content\/uploads\/2025\/09\/dsc05834jpg_48820131172_o_small.jpeg\" class=\"attachment-full size-full wp-image-262\" alt=\"\" srcset=\"https:\/\/ilonalipp.de\/wp-content\/uploads\/2025\/09\/dsc05834jpg_48820131172_o_small.jpeg 1740w, https:\/\/ilonalipp.de\/wp-content\/uploads\/2025\/09\/dsc05834jpg_48820131172_o_small-300x211.jpeg 300w, https:\/\/ilonalipp.de\/wp-content\/uploads\/2025\/09\/dsc05834jpg_48820131172_o_small-1024x722.jpeg 1024w, https:\/\/ilonalipp.de\/wp-content\/uploads\/2025\/09\/dsc05834jpg_48820131172_o_small-768x541.jpeg 768w, https:\/\/ilonalipp.de\/wp-content\/uploads\/2025\/09\/dsc05834jpg_48820131172_o_small-1536x1082.jpeg 1536w, https:\/\/ilonalipp.de\/wp-content\/uploads\/2025\/09\/dsc05834jpg_48820131172_o_small-18x12.jpeg 18w\" sizes=\"(max-width: 1740px) 100vw, 1740px\" \/>\t\t\t\t\t\t\t\t\t\t\t\t\t\t\t<\/div>\n\t\t\t\t\t<\/div>\n\t\t\t\t<\/div>\n\t\t<div class=\"elementor-element elementor-element-7bab45ec e-flex e-con-boxed e-con e-parent\" data-id=\"7bab45ec\" data-element_type=\"container\" data-settings=\"{&quot;background_background&quot;:&quot;classic&quot;}\">\n\t\t\t\t\t<div class=\"e-con-inner\">\n\t\t\t\t<div class=\"elementor-element elementor-element-36fd2b1f elementor-widget elementor-widget-spacer\" data-id=\"36fd2b1f\" data-element_type=\"widget\" data-widget_type=\"spacer.default\">\n\t\t\t\t\t\t\t<div class=\"elementor-spacer\">\n\t\t\t<div class=\"elementor-spacer-inner\"><\/div>\n\t\t<\/div>\n\t\t\t\t\t\t<\/div>\n\t\t\t\t<div class=\"elementor-element elementor-element-5a63f2f2 elementor-widget elementor-widget-heading\" data-id=\"5a63f2f2\" data-element_type=\"widget\" data-widget_type=\"heading.default\">\n\t\t\t\t\t<h2 class=\"elementor-heading-title elementor-size-default\">Meine Motivation<\/h2>\t\t\t\t<\/div>\n\t\t\t\t<div class=\"elementor-element elementor-element-44e34fb3 elementor-widget elementor-widget-text-editor\" data-id=\"44e34fb3\" data-element_type=\"widget\" data-widget_type=\"text-editor.default\">\n\t\t\t\t\t\t\t\t\t<p>Wissenschaftlerinnen und Wissenschaftler haben einen wichtigen, vielseitigen und oft erf\u00fcllenden Job, aber eben auch einen, der mit vielen Herausforderungen verbunden ist (oft bedingt durch ein eher suboptimales akademisches System). W\u00e4hrend meiner eigenen akademischen Laufbahn habe ich viele H\u00f6hen und Tiefen erlebt, die zum Forscherleben dazugeh\u00f6ren, und ich wei\u00df, wie spannend, aber auch belastend der Alltag als Wissenschaftlerin sein kann.\u00a0<\/p><p>In Forschungsgruppen bekommt man meistens eine gute fachliche Ausbildung, aber nur wenig Unterst\u00fctzung dabei, wie man mit schwierigen Situationen umgeht oder langfristig motiviert und produktiv bleibt. Ich hatte das Gl\u00fcck zu erleben, wie sehr gute externe Mentor:innen helfen k\u00f6nnen.\u00a0<\/p><p>Gleichzeitig habe ich auch Situationen erlebt, in denen schlechte Betreuung, ungel\u00f6ste Konflikte und schlecht gemanagte Projekte zu fragw\u00fcrdiger wissenschaftlicher Praxis und frustrierten, ausgebrannten Forschenden gef\u00fchrt haben. Mit der Arbeit, die ich heute mache, m\u00f6chte ich helfen, genau solche Szenarien zu vermeiden. Ich unterst\u00fctze Menschen darin, ihre eigenen Ressourcen zu erkennen und zu nutzen, Herausforderungen zu meistern und mit ihrer urspr\u00fcnglichen Motivation und ihren Idealen weiterzugehen. Es ist nie zu fr\u00fch, damit anzufangen.<\/p>\t\t\t\t\t\t\t\t<\/div>\n\t\t\t\t<div class=\"elementor-element elementor-element-54a3c503 elementor-widget elementor-widget-spacer\" data-id=\"54a3c503\" data-element_type=\"widget\" data-widget_type=\"spacer.default\">\n\t\t\t\t\t\t\t<div class=\"elementor-spacer\">\n\t\t\t<div class=\"elementor-spacer-inner\"><\/div>\n\t\t<\/div>\n\t\t\t\t\t\t<\/div>\n\t\t\t\t\t<\/div>\n\t\t\t\t<\/div>\n\t\t<div class=\"elementor-element elementor-element-130d594f e-flex e-con-boxed e-con e-parent\" data-id=\"130d594f\" data-element_type=\"container\">\n\t\t\t\t\t<div class=\"e-con-inner\">\n\t\t\t\t<div class=\"elementor-element elementor-element-797514a8 elementor-widget elementor-widget-spacer\" data-id=\"797514a8\" data-element_type=\"widget\" data-widget_type=\"spacer.default\">\n\t\t\t\t\t\t\t<div class=\"elementor-spacer\">\n\t\t\t<div class=\"elementor-spacer-inner\"><\/div>\n\t\t<\/div>\n\t\t\t\t\t\t<\/div>\n\t\t\t\t<div class=\"elementor-element elementor-element-10e2b1b2 elementor-widget elementor-widget-heading\" data-id=\"10e2b1b2\" data-element_type=\"widget\" data-widget_type=\"heading.default\">\n\t\t\t\t\t<h2 class=\"elementor-heading-title elementor-size-default\">Kurzlebenslauf<\/h2>\t\t\t\t<\/div>\n\t\t\t\t<div class=\"elementor-element elementor-element-6e3182f3 elementor-widget elementor-widget-text-editor\" data-id=\"6e3182f3\" data-element_type=\"widget\" data-widget_type=\"text-editor.default\">\n\t\t\t\t\t\t\t\t\t<p><strong>Derzeitige Aktivit\u00e4ten:\u00a0<\/strong><\/p><ul><li>Teilzeit-Freelancerin als Trainerin, Coach und Mediatorin (seit 2023)<\/li><li>Teilzeit angestellt als Referentin f\u00fcr Open Science an der Universit\u00e4t Leipzig (seit 2024)<\/li><\/ul><p><strong>Qualifikationen<\/strong>:<\/p><ul><li>Mediationsausbildung (<a href=\"http:\/\/www.imkonsens.de\/\" target=\"_blank\" rel=\"noopener\">ImKonsens<\/a>, Leipzig; 2020-2021, 220 Stunden)<\/li><li>Ausbildung im Systemischen Coaching (<a href=\"https:\/\/www.coaching-spirale.com\/\" target=\"_blank\" rel=\"noopener\">CoachingSpirale<\/a>, Berlin; 2021-2022, 205 Stunden)<\/li><li><a href=\"https:\/\/www.thiagi.com\/\" target=\"_blank\" rel=\"noopener\">Thiagi&#8217;s<\/a>\u00a0Techniken f\u00fcr interaktive Trainingsmethoden (3 Tage, Berlin 2023)<\/li><li>Train-the-Trainer Programm der <a href=\"https:\/\/digital-research.academy\/\">Digital Research Academy<\/a> (online, 2025)<\/li><\/ul><p><strong>Erfahrungen im Wissenschaftssystem:<\/strong>:<\/p><ul><li>Abschl\u00fcsse in Psychologie (Mag.rer.nat) und Molekularbiologie (BSc; beide an der\u00a0<a href=\"https:\/\/www.uni-graz.at\/de\/\" target=\"_blank\" rel=\"noopener\">Universit\u00e4t Graz<\/a>)<\/li><li>Promotion in Gehirnforschung (<a href=\"https:\/\/www.cardiff.ac.uk\/cardiff-university-brain-research-imaging-centre\" target=\"_blank\" rel=\"noopener\">Cardiff University Brain Research Imaging Centre<\/a>)<\/li><li class=\"translation-block\">8 Jahre Erfahrung als Postdoc (<a href=\"https:\/\/www.cardiff.ac.uk\/cardiff-university-brain-research-imaging-centre\" target=\"_blank\" rel=\"noopener\">Cardiff University Brain Research Imaging Centre<\/a> und in der Abteilung Neurophysik am\u00a0<a href=\"https:\/\/www.cbs.mpg.de\/departments\/neurophysics\" target=\"_blank\" rel=\"noopener\">Max-Planck-Institut f\u00fcr Kognitions- und Neurowissenschaften<\/a>)<\/li><li>1 Jahr Industrieerfahrung als Data Scientist in einem biomedizinischen KI-Startup<\/li><li>Lehre, Betreuung und Mentoring von Promovierenden, Masterstudierenden und Praktikant:innen<\/li><li>F\u00fchrungspositionen im Communication Committee der gr\u00f6\u00dften, internationalen Gehirnforschungsorganisation (<a href=\"http:\/\/www.humanbrainmapping.org\/\" target=\"_blank\" rel=\"noopener\">Organization for Human Brain Mapping<\/a>)<\/li><li>Mitbegr\u00fcnderin einer\u00a0<a href=\"https:\/\/www.cbs.mpg.de\/en\/cbs-open-science\" target=\"_blank\" rel=\"noopener\">Open Science Initiative<\/a><\/li><\/ul><p><strong>Professional networks<\/strong>:<\/p><ul><li><a href=\"http:\/\/www.mediationsteam-leipzig.de\/\" target=\"_blank\" rel=\"noopener\">Mediationsteam Leipzig<\/a><\/li><li><a href=\"https:\/\/www.linkedin.com\/groups\/8909591\/\" target=\"_blank\" rel=\"noopener\">Train Together Network<\/a>\u00a0<\/li><li>Almuni und Success Team Mitglied des Max Planck\u00a0<a href=\"https:\/\/www.mps.mpg.de\/equal-opportunities\/sign-up\" target=\"_blank\" rel=\"noopener\">Sign Up!\u00a0<\/a>Karrieref\u00f6rderungprogrammes<\/li><li><a href=\"https:\/\/digital-research.academy\/\">Digital Research Academy<\/a><\/li><li>Netzwerk der Open Science Officers<\/li><li>NFDI EduTrain Arbeitsgruppe zum Thema <a href=\"https:\/\/zenodo.org\/records\/6475492\">Fehlerkultur in der Wissenschaft<\/a><\/li><li><a href=\"https:\/\/improberaumleipzig.godaddysites.com\/\" target=\"_blank\" rel=\"noopener\">Improberaum<\/a>\u00a0and\u00a0<a href=\"https:\/\/actionunddrama.de\/\" target=\"_blank\" rel=\"noopener\">Action&amp;Drama<\/a>\u00a0Improvisationstheater<\/li><\/ul>\t\t\t\t\t\t\t\t<\/div>\n\t\t\t\t<div class=\"elementor-element elementor-element-19b0a0e2 elementor-widget elementor-widget-spacer\" data-id=\"19b0a0e2\" data-element_type=\"widget\" data-widget_type=\"spacer.default\">\n\t\t\t\t\t\t\t<div class=\"elementor-spacer\">\n\t\t\t<div class=\"elementor-spacer-inner\"><\/div>\n\t\t<\/div>\n\t\t\t\t\t\t<\/div>\n\t\t\t\t\t<\/div>\n\t\t\t\t<\/div>\n\t\t<div class=\"elementor-element elementor-element-329036d0 e-flex e-con-boxed e-con e-parent\" data-id=\"329036d0\" data-element_type=\"container\" data-settings=\"{&quot;background_background&quot;:&quot;classic&quot;}\">\n\t\t\t\t\t<div class=\"e-con-inner\">\n\t\t\t\t<div class=\"elementor-element elementor-element-543f17af elementor-widget elementor-widget-spacer\" data-id=\"543f17af\" data-element_type=\"widget\" data-widget_type=\"spacer.default\">\n\t\t\t\t\t\t\t<div class=\"elementor-spacer\">\n\t\t\t<div class=\"elementor-spacer-inner\"><\/div>\n\t\t<\/div>\n\t\t\t\t\t\t<\/div>\n\t\t\t\t<div class=\"elementor-element elementor-element-535fe8b5 elementor-widget elementor-widget-heading\" data-id=\"535fe8b5\" data-element_type=\"widget\" data-widget_type=\"heading.default\">\n\t\t\t\t\t<h2 class=\"elementor-heading-title elementor-size-default\">Akademische Erfolge\n<\/h2>\t\t\t\t<\/div>\n\t\t\t\t<div class=\"elementor-element elementor-element-dd3b339 elementor-widget elementor-widget-text-editor\" data-id=\"dd3b339\" data-element_type=\"widget\" data-widget_type=\"text-editor.default\">\n\t\t\t\t\t\t\t\t\t<ul>\n<li>Publikationen: 10 Erstautorinnen-Publikationen, 2 Letztautorinnen-Publikationen, 2 \u00dcbersichtsartikel in internationalen, peer-reviewten Fachzeitschriften, 1 Buchkapitel, 13 Konferenzbeitr\u00e4ge, 2 Ver\u00f6ffentlichungen zu Open-Science-Initiativen<\/li>\n<li>Eigene Stipendien und eigenes Forschungsprojekt gef\u00f6rdert von der Deutschen Forschungsgemeinschaft (DFG)<\/li>\n<li>Auszeichnungen f\u00fcr meine Promotions- und Postdoc-Arbeit<\/li>\n<li>F\u00fcr alle meine Publikationen siehe:&nbsp;<a href=\"https:\/\/scholar.google.co.uk\/citations?hl=en&amp;user=9eo10r4AAAAJ&amp;view_op=list_works&amp;sortby=pubdate\" target=\"_blank\" rel=\"noopener\"><strong>Google scholar profile<\/strong><\/a>&nbsp;oder <a href=\"https:\/\/orcid.org\/0000-0002-5644-2057\">ORCID<\/a>.<\/li>\n<\/ul>\t\t\t\t\t\t\t\t<\/div>\n\t\t\t\t<div class=\"elementor-element elementor-element-304c11ba elementor-widget elementor-widget-spacer\" data-id=\"304c11ba\" data-element_type=\"widget\" data-widget_type=\"spacer.default\">\n\t\t\t\t\t\t\t<div class=\"elementor-spacer\">\n\t\t\t<div class=\"elementor-spacer-inner\"><\/div>\n\t\t<\/div>\n\t\t\t\t\t\t<\/div>\n\t\t\t\t\t<\/div>\n\t\t\t\t<\/div>\n\t\t\t\t<\/div>","protected":false},"excerpt":{"rendered":"<p>About me I am a psychologist and neuroscientist with more than 12 years of experience in interdisciplinary research, teaching and mentoring. Having been embedded in the academic environment, I have developed a fascination for the topics of communication and interpersonal dynamics, as well as personal development. My motivation Scientists have an important, versatile, and often [&hellip;]<\/p>","protected":false},"author":1,"featured_media":0,"parent":0,"menu_order":0,"comment_status":"closed","ping_status":"closed","template":"","meta":{"_eb_attr":"","footnotes":""},"class_list":["post-9","page","type-page","status-publish","hentry"],"blocksy_meta":[],"_links":{"self":[{"href":"https:\/\/ilonalipp.de\/de\/wp-json\/wp\/v2\/pages\/9","targetHints":{"allow":["GET"]}}],"collection":[{"href":"https:\/\/ilonalipp.de\/de\/wp-json\/wp\/v2\/pages"}],"about":[{"href":"https:\/\/ilonalipp.de\/de\/wp-json\/wp\/v2\/types\/page"}],"author":[{"embeddable":true,"href":"https:\/\/ilonalipp.de\/de\/wp-json\/wp\/v2\/users\/1"}],"replies":[{"embeddable":true,"href":"https:\/\/ilonalipp.de\/de\/wp-json\/wp\/v2\/comments?post=9"}],"version-history":[{"count":10,"href":"https:\/\/ilonalipp.de\/de\/wp-json\/wp\/v2\/pages\/9\/revisions"}],"predecessor-version":[{"id":500,"href":"https:\/\/ilonalipp.de\/de\/wp-json\/wp\/v2\/pages\/9\/revisions\/500"}],"wp:attachment":[{"href":"https:\/\/ilonalipp.de\/de\/wp-json\/wp\/v2\/media?parent=9"}],"curies":[{"name":"wp","href":"https:\/\/api.w.org\/{rel}","templated":true}]}}